{"id":771,"date":"2024-11-27T11:17:41","date_gmt":"2024-11-27T16:17:41","guid":{"rendered":"https:\/\/masterfactura.com\/?page_id=771"},"modified":"2026-03-28T18:05:23","modified_gmt":"2026-03-28T23:05:23","slug":"programacion-radial","status":"publish","type":"page","link":"https:\/\/radiolanuestrafm.com\/?page_id=771","title":{"rendered":"Programacion Radial"},"content":{"rendered":"\t\t<div data-elementor-type=\"wp-page\" data-elementor-id=\"771\" class=\"elementor elementor-771\" data-elementor-post-type=\"page\">\n\t\t\t\t<div class=\"elementor-element elementor-element-cebbdf4 e-flex e-con-boxed e-con e-parent\" data-id=\"cebbdf4\" data-element_type=\"container\" data-e-type=\"container\" data-settings=\"{&quot;sticky&quot;:&quot;top&quot;,&quot;sticky_on&quot;:[&quot;desktop&quot;,&quot;tablet&quot;,&quot;mobile&quot;],&quot;sticky_offset&quot;:0,&quot;sticky_effects_offset&quot;:0,&quot;sticky_anchor_link_offset&quot;:0}\">\n\t\t\t\t\t<div class=\"e-con-inner\">\n\t\t<div class=\"elementor-element elementor-element-59d0ad5 e-con-full e-flex e-con e-child\" data-id=\"59d0ad5\" data-element_type=\"container\" data-e-type=\"container\" data-settings=\"{&quot;background_background&quot;:&quot;classic&quot;}\">\n\t\t\t\t<div class=\"elementor-element elementor-element-acc7198 elementor-widget elementor-widget-image\" data-id=\"acc7198\" data-element_type=\"widget\" data-e-type=\"widget\" data-widget_type=\"image.default\">\n\t\t\t\t<div class=\"elementor-widget-container\">\n\t\t\t\t\t\t\t\t\t\t\t\t\t\t\t\t<a href=\"https:\/\/masterfactura.com\/\">\n\t\t\t\t\t\t\t<img decoding=\"async\" width=\"185\" height=\"85\" src=\"https:\/\/radiolanuestrafm.com\/wp-content\/uploads\/2026\/03\/128.png\" class=\"attachment-large size-large wp-image-7191\" alt=\"\" \/>\t\t\t\t\t\t\t\t<\/a>\n\t\t\t\t\t\t\t\t\t\t\t\t\t\t\t<\/div>\n\t\t\t\t<\/div>\n\t\t\t\t<\/div>\n\t\t<div class=\"elementor-element elementor-element-82959a6 e-con-full e-flex e-con e-child\" data-id=\"82959a6\" data-element_type=\"container\" data-e-type=\"container\" data-settings=\"{&quot;background_background&quot;:&quot;classic&quot;}\">\n\t\t\t\t<div class=\"elementor-element elementor-element-2c43288 elementor-nav-menu__align-start elementor-nav-menu--dropdown-tablet elementor-nav-menu__text-align-aside elementor-nav-menu--toggle elementor-nav-menu--burger elementor-widget elementor-widget-nav-menu\" data-id=\"2c43288\" data-element_type=\"widget\" data-e-type=\"widget\" data-settings=\"{&quot;layout&quot;:&quot;horizontal&quot;,&quot;submenu_icon&quot;:{&quot;value&quot;:&quot;&lt;svg aria-hidden=\\&quot;true\\&quot; class=\\&quot;e-font-icon-svg e-fas-caret-down\\&quot; viewBox=\\&quot;0 0 320 512\\&quot; xmlns=\\&quot;http:\\\/\\\/www.w3.org\\\/2000\\\/svg\\&quot;&gt;&lt;path d=\\&quot;M31.3 192h257.3c17.8 0 26.7 21.5 14.1 34.1L174.1 354.8c-7.8 7.8-20.5 7.8-28.3 0L17.2 226.1C4.6 213.5 13.5 192 31.3 192z\\&quot;&gt;&lt;\\\/path&gt;&lt;\\\/svg&gt;&quot;,&quot;library&quot;:&quot;fa-solid&quot;},&quot;toggle&quot;:&quot;burger&quot;}\" data-widget_type=\"nav-menu.default\">\n\t\t\t\t<div class=\"elementor-widget-container\">\n\t\t\t\t\t\t\t\t<nav aria-label=\"Menu\" class=\"elementor-nav-menu--main elementor-nav-menu__container elementor-nav-menu--layout-horizontal e--pointer-background e--animation-fade\">\n\t\t\t\t<ul id=\"menu-1-2c43288\" class=\"elementor-nav-menu\"><li class=\"menu-item menu-item-type-custom menu-item-object-custom menu-item-home menu-item-75\"><a href=\"https:\/\/radiolanuestrafm.com\/\" class=\"elementor-item\">Inicio<\/a><\/li>\n<li class=\"menu-item menu-item-type-post_type menu-item-object-page menu-item-779\"><a href=\"https:\/\/radiolanuestrafm.com\/?page_id=771\" class=\"elementor-item\">Programaci\u00f3n<\/a><\/li>\n<li class=\"menu-item menu-item-type-post_type menu-item-object-page menu-item-7139\"><a href=\"https:\/\/radiolanuestrafm.com\/?page_id=1921\" class=\"elementor-item\">Quienes Somos<\/a><\/li>\n<li class=\"menu-item menu-item-type-post_type menu-item-object-page menu-item-7138\"><a href=\"https:\/\/radiolanuestrafm.com\/?page_id=5628\" class=\"elementor-item\">Cont\u00e1ctenos<\/a><\/li>\n<\/ul>\t\t\t<\/nav>\n\t\t\t\t\t<div class=\"elementor-menu-toggle\" role=\"button\" tabindex=\"0\" aria-label=\"Menu Toggle\" aria-expanded=\"false\">\n\t\t\t<svg aria-hidden=\"true\" role=\"presentation\" class=\"elementor-menu-toggle__icon--open e-font-icon-svg e-eicon-menu-bar\" viewBox=\"0 0 1000 1000\" xmlns=\"http:\/\/www.w3.org\/2000\/svg\"><path d=\"M104 333H896C929 333 958 304 958 271S929 208 896 208H104C71 208 42 237 42 271S71 333 104 333ZM104 583H896C929 583 958 554 958 521S929 458 896 458H104C71 458 42 487 42 521S71 583 104 583ZM104 833H896C929 833 958 804 958 771S929 708 896 708H104C71 708 42 737 42 771S71 833 104 833Z\"><\/path><\/svg><svg aria-hidden=\"true\" role=\"presentation\" class=\"elementor-menu-toggle__icon--close e-font-icon-svg e-eicon-close\" viewBox=\"0 0 1000 1000\" xmlns=\"http:\/\/www.w3.org\/2000\/svg\"><path d=\"M742 167L500 408 258 167C246 154 233 150 217 150 196 150 179 158 167 167 154 179 150 196 150 212 150 229 154 242 171 254L408 500 167 742C138 771 138 800 167 829 196 858 225 858 254 829L496 587 738 829C750 842 767 846 783 846 800 846 817 842 829 829 842 817 846 804 846 783 846 767 842 750 829 737L588 500 833 258C863 229 863 200 833 171 804 137 775 137 742 167Z\"><\/path><\/svg>\t\t<\/div>\n\t\t\t\t\t<nav class=\"elementor-nav-menu--dropdown elementor-nav-menu__container\" aria-hidden=\"true\">\n\t\t\t\t<ul id=\"menu-2-2c43288\" class=\"elementor-nav-menu\"><li class=\"menu-item menu-item-type-custom menu-item-object-custom menu-item-home menu-item-75\"><a href=\"https:\/\/radiolanuestrafm.com\/\" class=\"elementor-item\" tabindex=\"-1\">Inicio<\/a><\/li>\n<li class=\"menu-item menu-item-type-post_type menu-item-object-page menu-item-779\"><a href=\"https:\/\/radiolanuestrafm.com\/?page_id=771\" class=\"elementor-item\" tabindex=\"-1\">Programaci\u00f3n<\/a><\/li>\n<li class=\"menu-item menu-item-type-post_type menu-item-object-page menu-item-7139\"><a href=\"https:\/\/radiolanuestrafm.com\/?page_id=1921\" class=\"elementor-item\" tabindex=\"-1\">Quienes Somos<\/a><\/li>\n<li class=\"menu-item menu-item-type-post_type menu-item-object-page menu-item-7138\"><a href=\"https:\/\/radiolanuestrafm.com\/?page_id=5628\" class=\"elementor-item\" tabindex=\"-1\">Cont\u00e1ctenos<\/a><\/li>\n<\/ul>\t\t\t<\/nav>\n\t\t\t\t\t\t<\/div>\n\t\t\t\t<\/div>\n\t\t\t\t<\/div>\n\t\t<div class=\"elementor-element elementor-element-b85f4a2 e-con-full e-flex e-con e-child\" data-id=\"b85f4a2\" data-element_type=\"container\" data-e-type=\"container\" data-settings=\"{&quot;background_background&quot;:&quot;classic&quot;}\">\n\t\t\t\t<div class=\"elementor-element elementor-element-0dc16d3 elementor-align-right elementor-widget elementor-widget-button\" data-id=\"0dc16d3\" data-element_type=\"widget\" data-e-type=\"widget\" data-widget_type=\"button.default\">\n\t\t\t\t<div class=\"elementor-widget-container\">\n\t\t\t\t\t\t\t\t\t<div class=\"elementor-button-wrapper\">\n\t\t\t\t\t<a class=\"elementor-button elementor-button-link elementor-size-sm elementor-animation-pulse\" href=\"#\">\n\t\t\t\t\t\t<span class=\"elementor-button-content-wrapper\">\n\t\t\t\t\t\t<span class=\"elementor-button-icon\">\n\t\t\t\t<svg aria-hidden=\"true\" class=\"e-font-icon-svg e-far-comment-dots\" viewBox=\"0 0 512 512\" xmlns=\"http:\/\/www.w3.org\/2000\/svg\"><path d=\"M144 208c-17.7 0-32 14.3-32 32s14.3 32 32 32 32-14.3 32-32-14.3-32-32-32zm112 0c-17.7 0-32 14.3-32 32s14.3 32 32 32 32-14.3 32-32-14.3-32-32-32zm112 0c-17.7 0-32 14.3-32 32s14.3 32 32 32 32-14.3 32-32-14.3-32-32-32zM256 32C114.6 32 0 125.1 0 240c0 47.6 19.9 91.2 52.9 126.3C38 405.7 7 439.1 6.5 439.5c-6.6 7-8.4 17.2-4.6 26S14.4 480 24 480c61.5 0 110-25.7 139.1-46.3C192 442.8 223.2 448 256 448c141.4 0 256-93.1 256-208S397.4 32 256 32zm0 368c-26.7 0-53.1-4.1-78.4-12.1l-22.7-7.2-19.5 13.8c-14.3 10.1-33.9 21.4-57.5 29 7.3-12.1 14.4-25.7 19.9-40.2l10.6-28.1-20.6-21.8C69.7 314.1 48 282.2 48 240c0-88.2 93.3-160 208-160s208 71.8 208 160-93.3 160-208 160z\"><\/path><\/svg>\t\t\t<\/span>\n\t\t\t\t\t\t\t\t\t<span class=\"elementor-button-text\">Hable con nosotros<\/span>\n\t\t\t\t\t<\/span>\n\t\t\t\t\t<\/a>\n\t\t\t\t<\/div>\n\t\t\t\t\t\t\t\t<\/div>\n\t\t\t\t<\/div>\n\t\t\t\t<\/div>\n\t\t\t\t\t<\/div>\n\t\t\t\t<\/div>\n\t\t<div class=\"elementor-element elementor-element-f942656 e-flex e-con-boxed e-con e-parent\" data-id=\"f942656\" data-element_type=\"container\" data-e-type=\"container\">\n\t\t\t\t\t<div class=\"e-con-inner\">\n\t\t<div class=\"elementor-element elementor-element-a32030b e-con-full e-flex e-con e-child\" data-id=\"a32030b\" data-element_type=\"container\" data-e-type=\"container\" data-settings=\"{&quot;background_background&quot;:&quot;classic&quot;}\">\n\t\t\t\t<div class=\"elementor-element elementor-element-12eeb59 elementor-widget elementor-widget-heading\" data-id=\"12eeb59\" data-element_type=\"widget\" data-e-type=\"widget\" data-widget_type=\"heading.default\">\n\t\t\t\t<div class=\"elementor-widget-container\">\n\t\t\t\t\t<h2 class=\"elementor-heading-title elementor-size-default\">PROGRAMACI\u00d3N<\/h2>\t\t\t\t<\/div>\n\t\t\t\t<\/div>\n\t\t\t\t<\/div>\n\t\t\t\t\t<\/div>\n\t\t\t\t<\/div>\n\t\t<div class=\"elementor-element elementor-element-478acd7 e-flex e-con-boxed e-con e-parent\" data-id=\"478acd7\" data-element_type=\"container\" data-e-type=\"container\">\n\t\t\t\t\t<div class=\"e-con-inner\">\n\t\t<div class=\"elementor-element elementor-element-3900c16 e-con-full e-flex e-con e-child\" data-id=\"3900c16\" data-element_type=\"container\" data-e-type=\"container\" data-settings=\"{&quot;background_background&quot;:&quot;classic&quot;}\">\n\t\t\t\t<div class=\"elementor-element elementor-element-9b72fc8 elementor-widget elementor-widget-elty_header\" data-id=\"9b72fc8\" data-element_type=\"widget\" data-e-type=\"widget\" data-widget_type=\"elty_header.default\">\n\t\t\t\t<div class=\"elementor-widget-container\">\n\t\t\t\t\t      <div class=\"elty-header\">\r\n         <h2><span>PROGRAMACI\u00d3N SEMANAL<\/span><\/h2>\r\n      <\/div>\r\n\t\t\t\t<\/div>\n\t\t\t\t<\/div>\n\t\t\t\t<div class=\"elementor-element elementor-element-e43a009 elementor-widget elementor-widget-nxradio_schedule\" data-id=\"e43a009\" data-element_type=\"widget\" data-e-type=\"widget\" data-widget_type=\"nxradio_schedule.default\">\n\t\t\t\t<div class=\"elementor-widget-container\">\n\t\t\t\t\t        <div class=\"elty-section-schedule\">\r\n            \r\n<div class=\"schedule\" data-endpoint=\"https:\/\/radiolanuestrafm.com\/index.php?rest_route=\/NexoRadio\/schedule\" data-current-day=\"wednesday\">\r\n    <div class=\"schedule-header\">\r\n        <button class=\"schedule-button \" data-day=\"monday\">Lunes<\/button>\r\n        <button class=\"schedule-button \" data-day=\"tuesday\">Martes<\/button>\r\n        <button class=\"schedule-button is-active\" data-day=\"wednesday\">Mi\u00e9rcoles<\/button>\r\n        <button class=\"schedule-button \" data-day=\"thursday\">Jueves<\/button>\r\n        <button class=\"schedule-button \" data-day=\"friday\">Viernes<\/button>\r\n        <button class=\"schedule-button \" data-day=\"saturday\">S\u00e1bado<\/button>\r\n        <button class=\"schedule-button \" data-day=\"sunday\">Domingo<\/button>\r\n    <\/div>\r\n    <div class=\"schedule-list\">\r\n                    <ul class=\"schedule-list__wrapper\">\r\n                                    <li class=\"schedule-item \">\r\n                        <div class=\"schedule-item-picture\">\r\n                            <img decoding=\"async\" src=\"https:\/\/radiolanuestrafm.com\/wp-content\/uploads\/2024\/12\/ChatGPT-Image-30-mar-2026-08_43_20-200x300.png\" alt=\"Pronto\">\r\n                        <\/div>\r\n                        <div class=\"schedule-item-content\">\r\n                            <h3 class=\"schedule-item-title\">Pronto<\/h3>\r\n                            <p class=\"schedule-item-description\">\r\n                                03:00 - Cita con el Amor                            <\/p>\r\n                        <\/div>\r\n                        <a href=\"https:\/\/radiolanuestrafm.com\/?nxradio-programs=programa-4\"><span class=\"font-[0]\">ver programa<\/span><\/a>\r\n                    <\/li>\r\n                                    <li class=\"schedule-item \">\r\n                        <div class=\"schedule-item-picture\">\r\n                            <img decoding=\"async\" src=\"https:\/\/radiolanuestrafm.com\/wp-content\/uploads\/2024\/12\/ChatGPT-Image-30-mar-2026-08_53_30-200x300.png\" alt=\"Pronto\">\r\n                        <\/div>\r\n                        <div class=\"schedule-item-content\">\r\n                            <h3 class=\"schedule-item-title\">Pronto<\/h3>\r\n                            <p class=\"schedule-item-description\">\r\n                                06:00 - DJ EN VIVO.                            <\/p>\r\n                        <\/div>\r\n                        <a href=\"https:\/\/radiolanuestrafm.com\/?nxradio-programs=programa-3\"><span class=\"font-[0]\">ver programa<\/span><\/a>\r\n                    <\/li>\r\n                                    <li class=\"schedule-item \">\r\n                        <div class=\"schedule-item-picture\">\r\n                            <img decoding=\"async\" src=\"https:\/\/radiolanuestrafm.com\/wp-content\/uploads\/2024\/12\/ChatGPT-Image-30-mar-2026-08_43_20-200x300.png\" alt=\"Pronto\">\r\n                        <\/div>\r\n                        <div class=\"schedule-item-content\">\r\n                            <h3 class=\"schedule-item-title\">Pronto<\/h3>\r\n                            <p class=\"schedule-item-description\">\r\n                                13:00 - ENTREVISTAS Y NOTICIAS                            <\/p>\r\n                        <\/div>\r\n                        <a href=\"https:\/\/radiolanuestrafm.com\/?nxradio-programs=programa-2\"><span class=\"font-[0]\">ver programa<\/span><\/a>\r\n                    <\/li>\r\n                                    <li class=\"schedule-item \">\r\n                        <div class=\"schedule-item-picture\">\r\n                            <img decoding=\"async\" src=\"https:\/\/radiolanuestrafm.com\/wp-content\/uploads\/2024\/12\/ChatGPT-Image-30-mar-2026-08_53_30-200x300.png\" alt=\"Pronto\">\r\n                        <\/div>\r\n                        <div class=\"schedule-item-content\">\r\n                            <h3 class=\"schedule-item-title\">Pronto<\/h3>\r\n                            <p class=\"schedule-item-description\">\r\n                                11:00 - DJ EN VIVO.                            <\/p>\r\n                        <\/div>\r\n                        <a href=\"https:\/\/radiolanuestrafm.com\/?nxradio-programs=programa-3\"><span class=\"font-[0]\">ver programa<\/span><\/a>\r\n                    <\/li>\r\n                            <\/ul>\r\n            <\/div>\r\n    <template class=\"schedule-item-template\">\r\n        <li class=\"schedule-item {onAir}\">\r\n            <div class=\"schedule-item-picture\">\r\n                <img decoding=\"async\" src=\"{image}\" alt=\"{title}\">\r\n            <\/div>\r\n            <div class=\"schedule-item-content\">\r\n                <h3 class=\"schedule-item-title\">{title}<\/h3>\r\n                <p class=\"schedule-item-description\">\r\n                    {inicio} - {description}\r\n                <\/p>\r\n            <\/div>\r\n            <a href=\"{url}\"><span class=\"font-[0]\">ver programa<\/span><\/a>\r\n        <\/li>\r\n    <\/template>\r\n    <template class=\"schedule-info-template\">\r\n        <p class=\"schedule-info\">No tenemos programas asignados para este d\u00eda<\/p>\r\n    <\/template>\r\n<\/div>        <\/div>\r\n\t\t\t\t<\/div>\n\t\t\t\t<\/div>\n\t\t\t\t<\/div>\n\t\t\t\t\t<\/div>\n\t\t\t\t<\/div>\n\t\t<div class=\"elementor-element elementor-element-134fefa e-flex e-con-boxed e-con e-parent\" data-id=\"134fefa\" data-element_type=\"container\" data-e-type=\"container\">\n\t\t\t\t\t<div class=\"e-con-inner\">\n\t\t\t\t\t<\/div>\n\t\t\t\t<\/div>\n\t\t\t\t<\/div>\n\t\t","protected":false},"excerpt":{"rendered":"<p>Hable con nosotros PROGRAMACI\u00d3N PROGRAMACI\u00d3N SEMANAL Lunes Martes Mi\u00e9rcoles Jueves Viernes S\u00e1bado Domingo EL SHOW MIX 12:00 &#8211; MUSICA VARIADA ver programa NOTI-RADIO PRIMERA EMISION 14:00 &#8211; ENTREVISTAS Y NOTICIAS ver programa NUEVO AMANECER ECUATORIANO 15:00 &#8211; DJ EN VIVO. ver programa Cita con el Amor 14:00 &#8211; Cita con el Amor ver programa {title} [&hellip;]<\/p>\n","protected":false},"author":2,"featured_media":0,"parent":0,"menu_order":0,"comment_status":"closed","ping_status":"closed","template":"template-blank.php","meta":{"footnotes":""},"class_list":["post-771","page","type-page","status-publish","hentry"],"yoast_head":"<!-- This site is optimized with the Yoast SEO Premium plugin v24.9 (Yoast SEO v27.2) - https:\/\/yoast.com\/product\/yoast-seo-premium-wordpress\/ -->\n<title>Programacion Radial - Radio La Nuestra FM<\/title>\n<meta name=\"robots\" content=\"index, follow, max-snippet:-1, max-image-preview:large, max-video-preview:-1\" \/>\n<link rel=\"canonical\" href=\"https:\/\/radiolanuestrafm.com\/?page_id=771\" \/>\n<meta property=\"og:locale\" content=\"es_ES\" \/>\n<meta property=\"og:type\" content=\"article\" \/>\n<meta property=\"og:title\" content=\"Programacion Radial\" \/>\n<meta property=\"og:description\" content=\"Hable con nosotros PROGRAMACI\u00d3N PROGRAMACI\u00d3N SEMANAL Lunes Martes Mi\u00e9rcoles Jueves Viernes S\u00e1bado Domingo EL SHOW MIX 12:00 &#8211; MUSICA VARIADA ver programa NOTI-RADIO PRIMERA EMISION 14:00 &#8211; ENTREVISTAS Y NOTICIAS ver programa NUEVO AMANECER ECUATORIANO 15:00 &#8211; DJ EN VIVO. ver programa Cita con el Amor 14:00 &#8211; Cita con el Amor ver programa {title} [&hellip;]\" \/>\n<meta property=\"og:url\" content=\"https:\/\/radiolanuestrafm.com\/?page_id=771\" \/>\n<meta property=\"og:site_name\" content=\"Radio La Nuestra FM\" \/>\n<meta property=\"article:modified_time\" content=\"2026-03-28T23:05:23+00:00\" \/>\n<meta property=\"og:image\" content=\"https:\/\/masterfactura.com\/wp-content\/uploads\/2026\/03\/128.png\" \/>\n<meta name=\"twitter:card\" content=\"summary_large_image\" \/>\n<meta name=\"twitter:label1\" content=\"Tiempo de lectura\" \/>\n\t<meta name=\"twitter:data1\" content=\"2 minutos\" \/>\n<script type=\"application\/ld+json\" class=\"yoast-schema-graph\">{\"@context\":\"https:\/\/schema.org\",\"@graph\":[{\"@type\":\"WebPage\",\"@id\":\"https:\/\/radiolanuestrafm.com\/?page_id=771\",\"url\":\"https:\/\/radiolanuestrafm.com\/?page_id=771\",\"name\":\"Programacion Radial - Radio La Nuestra FM\",\"isPartOf\":{\"@id\":\"https:\/\/radiolanuestrafm.com\/#website\"},\"primaryImageOfPage\":{\"@id\":\"https:\/\/radiolanuestrafm.com\/?page_id=771#primaryimage\"},\"image\":{\"@id\":\"https:\/\/radiolanuestrafm.com\/?page_id=771#primaryimage\"},\"thumbnailUrl\":\"https:\/\/masterfactura.com\/wp-content\/uploads\/2026\/03\/128.png\",\"datePublished\":\"2024-11-27T16:17:41+00:00\",\"dateModified\":\"2026-03-28T23:05:23+00:00\",\"breadcrumb\":{\"@id\":\"https:\/\/radiolanuestrafm.com\/?page_id=771#breadcrumb\"},\"inLanguage\":\"es\",\"potentialAction\":[{\"@type\":\"ReadAction\",\"target\":[\"https:\/\/radiolanuestrafm.com\/?page_id=771\"]}]},{\"@type\":\"ImageObject\",\"inLanguage\":\"es\",\"@id\":\"https:\/\/radiolanuestrafm.com\/?page_id=771#primaryimage\",\"url\":\"https:\/\/masterfactura.com\/wp-content\/uploads\/2026\/03\/128.png\",\"contentUrl\":\"https:\/\/masterfactura.com\/wp-content\/uploads\/2026\/03\/128.png\"},{\"@type\":\"BreadcrumbList\",\"@id\":\"https:\/\/radiolanuestrafm.com\/?page_id=771#breadcrumb\",\"itemListElement\":[{\"@type\":\"ListItem\",\"position\":1,\"name\":\"Home\",\"item\":\"https:\/\/radiolanuestrafm.com\/\"},{\"@type\":\"ListItem\",\"position\":2,\"name\":\"Programacion Radial\"}]},{\"@type\":\"WebSite\",\"@id\":\"https:\/\/radiolanuestrafm.com\/#website\",\"url\":\"https:\/\/radiolanuestrafm.com\/\",\"name\":\"Radio La Nuestra FM\",\"description\":\"\",\"potentialAction\":[{\"@type\":\"SearchAction\",\"target\":{\"@type\":\"EntryPoint\",\"urlTemplate\":\"https:\/\/radiolanuestrafm.com\/?s={search_term_string}\"},\"query-input\":{\"@type\":\"PropertyValueSpecification\",\"valueRequired\":true,\"valueName\":\"search_term_string\"}}],\"inLanguage\":\"es\"}]}<\/script>\n<!-- \/ Yoast SEO Premium plugin. -->","yoast_head_json":{"title":"Programacion Radial - Radio La Nuestra FM","robots":{"index":"index","follow":"follow","max-snippet":"max-snippet:-1","max-image-preview":"max-image-preview:large","max-video-preview":"max-video-preview:-1"},"canonical":"https:\/\/radiolanuestrafm.com\/?page_id=771","og_locale":"es_ES","og_type":"article","og_title":"Programacion Radial","og_description":"Hable con nosotros PROGRAMACI\u00d3N PROGRAMACI\u00d3N SEMANAL Lunes Martes Mi\u00e9rcoles Jueves Viernes S\u00e1bado Domingo EL SHOW MIX 12:00 &#8211; MUSICA VARIADA ver programa NOTI-RADIO PRIMERA EMISION 14:00 &#8211; ENTREVISTAS Y NOTICIAS ver programa NUEVO AMANECER ECUATORIANO 15:00 &#8211; DJ EN VIVO. ver programa Cita con el Amor 14:00 &#8211; Cita con el Amor ver programa {title} [&hellip;]","og_url":"https:\/\/radiolanuestrafm.com\/?page_id=771","og_site_name":"Radio La Nuestra FM","article_modified_time":"2026-03-28T23:05:23+00:00","og_image":[{"url":"https:\/\/masterfactura.com\/wp-content\/uploads\/2026\/03\/128.png","type":"","width":"","height":""}],"twitter_card":"summary_large_image","twitter_misc":{"Tiempo de lectura":"2 minutos"},"schema":{"@context":"https:\/\/schema.org","@graph":[{"@type":"WebPage","@id":"https:\/\/radiolanuestrafm.com\/?page_id=771","url":"https:\/\/radiolanuestrafm.com\/?page_id=771","name":"Programacion Radial - Radio La Nuestra FM","isPartOf":{"@id":"https:\/\/radiolanuestrafm.com\/#website"},"primaryImageOfPage":{"@id":"https:\/\/radiolanuestrafm.com\/?page_id=771#primaryimage"},"image":{"@id":"https:\/\/radiolanuestrafm.com\/?page_id=771#primaryimage"},"thumbnailUrl":"https:\/\/masterfactura.com\/wp-content\/uploads\/2026\/03\/128.png","datePublished":"2024-11-27T16:17:41+00:00","dateModified":"2026-03-28T23:05:23+00:00","breadcrumb":{"@id":"https:\/\/radiolanuestrafm.com\/?page_id=771#breadcrumb"},"inLanguage":"es","potentialAction":[{"@type":"ReadAction","target":["https:\/\/radiolanuestrafm.com\/?page_id=771"]}]},{"@type":"ImageObject","inLanguage":"es","@id":"https:\/\/radiolanuestrafm.com\/?page_id=771#primaryimage","url":"https:\/\/masterfactura.com\/wp-content\/uploads\/2026\/03\/128.png","contentUrl":"https:\/\/masterfactura.com\/wp-content\/uploads\/2026\/03\/128.png"},{"@type":"BreadcrumbList","@id":"https:\/\/radiolanuestrafm.com\/?page_id=771#breadcrumb","itemListElement":[{"@type":"ListItem","position":1,"name":"Home","item":"https:\/\/radiolanuestrafm.com\/"},{"@type":"ListItem","position":2,"name":"Programacion Radial"}]},{"@type":"WebSite","@id":"https:\/\/radiolanuestrafm.com\/#website","url":"https:\/\/radiolanuestrafm.com\/","name":"Radio La Nuestra FM","description":"","potentialAction":[{"@type":"SearchAction","target":{"@type":"EntryPoint","urlTemplate":"https:\/\/radiolanuestrafm.com\/?s={search_term_string}"},"query-input":{"@type":"PropertyValueSpecification","valueRequired":true,"valueName":"search_term_string"}}],"inLanguage":"es"}]}},"_links":{"self":[{"href":"https:\/\/radiolanuestrafm.com\/index.php?rest_route=\/wp\/v2\/pages\/771","targetHints":{"allow":["GET"]}}],"collection":[{"href":"https:\/\/radiolanuestrafm.com\/index.php?rest_route=\/wp\/v2\/pages"}],"about":[{"href":"https:\/\/radiolanuestrafm.com\/index.php?rest_route=\/wp\/v2\/types\/page"}],"author":[{"embeddable":true,"href":"https:\/\/radiolanuestrafm.com\/index.php?rest_route=\/wp\/v2\/users\/2"}],"replies":[{"embeddable":true,"href":"https:\/\/radiolanuestrafm.com\/index.php?rest_route=%2Fwp%2Fv2%2Fcomments&post=771"}],"version-history":[{"count":70,"href":"https:\/\/radiolanuestrafm.com\/index.php?rest_route=\/wp\/v2\/pages\/771\/revisions"}],"predecessor-version":[{"id":7309,"href":"https:\/\/radiolanuestrafm.com\/index.php?rest_route=\/wp\/v2\/pages\/771\/revisions\/7309"}],"wp:attachment":[{"href":"https:\/\/radiolanuestrafm.com\/index.php?rest_route=%2Fwp%2Fv2%2Fmedia&parent=771"}],"curies":[{"name":"wp","href":"https:\/\/api.w.org\/{rel}","templated":true}]}}